{"id":316,"date":"2021-05-25T09:10:03","date_gmt":"2021-05-25T09:10:03","guid":{"rendered":"http:\/\/agrotek-led.eu\/fr\/?page_id=316"},"modified":"2021-05-25T09:12:47","modified_gmt":"2021-05-25T09:12:47","slug":"eclairage-elevage-porcin-led","status":"publish","type":"page","link":"https:\/\/www.agrotek-led.eu\/fr\/eclairage-elevage-porcin-led\/","title":{"rendered":"Eclairage Elevage Porcin LED Agrotek"},"content":{"rendered":"<div id='fullscreen_slider_1'  class='avia-fullscreen-slider main_color   avia-builder-el-0  el_before_av_section  avia-builder-el-first   container_wrap sidebar_right' style=' '  ><a href='#next-section' title='' class='scroll-down-link av-control-hidden' aria-hidden='true' data-av_icon='\ue877' data-av_iconfont='entypo-fontello'><\/a><div   data-size='no scaling'  data-lightbox_size='large'  data-animation='fade'  data-conditional_play=''  data-ids='258'  data-video_counter='0'  data-autoplay='true'  data-bg_slider='true'  data-slide_height='100'  data-handle='av_fullscreen'  data-interval='5'  data-class=' '  data-el_id=''  data-css_id='fullscreen_slider_1'  data-scroll_down='aviaTBscroll_down'  data-control_layout='av-control-hidden'  data-custom_markup=''  data-perma_caption=''  data-autoplay_stopper=''  data-image_attachment=''  data-min_height='0px'  data-lazy_loading='disabled'  data-stretch=''  class='avia-slideshow avia-slideshow-1 av-slider-scroll-down-active av-control-hidden av-default-height-applied avia-slideshow-no scaling av_fullscreen   avia-fade-slider '  itemprop=\"image\" itemscope=\"itemscope\" itemtype=\"https:\/\/schema.org\/ImageObject\" ><ul class='avia-slideshow-inner ' style='padding-bottom: 50.729166666667%;' ><li style='background-position:center left;' data-img-url='https:\/\/www.agrotek-led.eu\/fr\/wp-content\/uploads\/2021\/05\/cochon1.jpg' class=' av-single-slide slide-1 ' ><div data-rel='slideshow-1' class='avia-slide-wrap '   ><div class = \"caption_fullwidth av-slideshow-caption caption_right\"><div class = \"container caption_container\"><div class = \"slideshow_caption\"><div class = \"slideshow_inner_caption\"><div class = \"slideshow_align_caption\"><h2  style='font-size:60px; color:#0a0a0a; ' class='avia-caption-title  '  itemprop=\"name\" >Eclairage porcin<\/h2><div class='avia-caption-content  av_inherit_color'  itemprop=\"description\"   style='font-size:19px; color:#6b6b6b; '><p>Eclairez vos porcs avec des LED de derni\u00e8re g\u00e9n\u00e9ration pour leur procurer un bien-\u00eatre optimal.<\/p>\n<\/div><a href='#services'  class='avia-slideshow-button avia-button avia-color-light ' data-duration='800' data-easing='easeInOutQuad'>D\u00e9couvrir<\/a><\/div><\/div><\/div><\/div><\/div><\/div><\/li><\/ul><\/div><\/div>\n<div id='services'  class='avia-section main_color avia-section-huge avia-no-border-styling  avia-bg-style-scroll  avia-builder-el-1  el_after_av_fullscreen  el_before_av_layout_row   container_wrap sidebar_right' style=' '  ><div class='container' ><div class='template-page content  av-content-small alpha units'><div class='post-entry post-entry-type-page post-entry-316'><div class='entry-content-wrapper clearfix'>\n<div class=\"flex_column av_one_fifth  flex_column_div av-zero-column-padding first  avia-builder-el-2  el_before_av_three_fifth  avia-builder-el-first  \" style='border-radius:0px; '><\/div><div class=\"flex_column av_three_fifth  flex_column_div av-zero-column-padding   avia-builder-el-3  el_after_av_one_fifth  el_before_av_one_fifth  \" style='border-radius:0px; '><div  style='padding-bottom:10px; font-size:30px;' class='av-special-heading av-special-heading-h3  blockquote modern-quote modern-centered  avia-builder-el-4  avia-builder-el-no-sibling  av-inherit-size '><h3 class='av-special-heading-tag '  itemprop=\"headline\"  >Eclairez vos porcs avec les LED de derni\u00e8re g\u00e9n\u00e9ration<\/h3><div class='special-heading-border'><div class='special-heading-inner-border' ><\/div><\/div><\/div><\/div><div class=\"flex_column av_one_fifth  flex_column_div av-zero-column-padding   avia-builder-el-5  el_after_av_three_fifth  el_before_av_hr  \" style='border-radius:0px; '><\/div><div  style=' margin-top:40px; margin-bottom:40px;'  class='hr hr-custom hr-center hr-icon-no   avia-builder-el-6  el_after_av_one_fifth  el_before_av_one_half '><span class='hr-inner  inner-border-av-border-fat' style=' width:50px; border-color:#4ecac2;' ><span class='hr-inner-style'><\/span><\/span><\/div>\n<div class=\"flex_column av_one_half  flex_column_div av-zero-column-padding first  avia-builder-el-7  el_after_av_hr  el_before_av_one_half  \" style='border-radius:0px; '><section class=\"av_textblock_section \"  itemscope=\"itemscope\" itemtype=\"https:\/\/schema.org\/CreativeWork\" ><div class='avia_textblock  '   itemprop=\"text\" ><h2>Bien \u00e9clairer les porcs<\/h2>\n<p>Les \u00e9levages porcins ont besoin d&rsquo;un \u00e9clairage suffisant et adapt\u00e9. L&rsquo;\u00e9clairage fait partie int\u00e9grante de l&rsquo;environnement des porcs et conditionne sant\u00e9, bien-\u00eatre, comportement et croissance. Apporter aux animaux un \u00e9clairage suffisant, c&rsquo;est s&rsquo;assurer d&rsquo;un d\u00e9veloppement harmonieux, d&rsquo;un comportement r\u00e9gul\u00e9, d&rsquo;une prise alimentaire rapide et d&rsquo;une socialisation ad\u00e9quate. Pour l&rsquo;exploitant, c&rsquo;est aussi des conditions de travail et un confort am\u00e9lior\u00e9s.<\/p>\n<p>Un \u00e9clairage \u00e0 spectre naturel participe \u00e0 la r\u00e9duction du stress des porcs, la diminution des comportements ind\u00e9sirables\u00a0et plus g\u00e9n\u00e9ralement des performances de l&rsquo;\u00e9levage. Maintenir une bonne qualit\u00e9 d&rsquo;\u00e9clairage est m\u00eame vitale pour assurer la stimulation de la fertilit\u00e9 des truies, r\u00e9duire les probl\u00e8mes de sevrage et assurer un d\u00e9veloppement rapide et harmonieux des jeunes cochettes.<\/p>\n<p>C&rsquo;est pour cette raison qu&rsquo;Agrotek, sp\u00e9cialiste reconnu de l&rsquo;\u00e9clairage LED agricole, a d\u00e9velopp\u00e9 une gamme d&rsquo;\u00e9clairage id\u00e9ale pour les exploitations porcines. Sa mission: vous apporter un \u00e9clairage souple, \u00e9conome en \u00e9nergie, et robuste qui apporte \u00e0 vos volailles la qualit\u00e9 de la lumi\u00e8re solaire, en int\u00e9rieur.<\/p>\n<p><strong>Avec l&rsquo;\u00e9clairage LED, vous participez \u00e0 l&rsquo;am\u00e9lioration des performances de votre \u00e9levage de mani\u00e8re \u00e9co-responsable et diminuez vos co\u00fbts d&rsquo;exploitation.<\/strong><\/p>\n<\/div><\/section><\/div><div class=\"flex_column av_one_half  flex_column_div av-zero-column-padding   avia-builder-el-9  el_after_av_one_half  avia-builder-el-last  \" style='border-radius:0px; '><section class=\"av_textblock_section \"  itemscope=\"itemscope\" itemtype=\"https:\/\/schema.org\/CreativeWork\" ><div class='avia_textblock  '   itemprop=\"text\" ><h2>Les avantages d&rsquo;un \u00e9clairage LED \u00e0 spectre porcin<\/h2>\n<\/div><\/section><br \/>\n<div  class='avia-icon-list-container   avia-builder-el-11  el_after_av_textblock  avia-builder-el-last '><ul class='avia-icon-list avia-icon-list-left av-iconlist-big avia_animate_when_almost_visible avia-iconlist-animate'>\n<li><div  class='iconlist_icon  avia-font-entypo-fontello'><span class='iconlist-char ' aria-hidden='true' data-av_icon='\ue806' data-av_iconfont='entypo-fontello'><\/span><\/div><article class=\"article-icon-entry \"  itemscope=\"itemscope\" itemtype=\"https:\/\/schema.org\/CreativeWork\" ><div class='iconlist_content_wrap'><header class=\"entry-content-header\"><h4 class='av_iconlist_title iconlist_title   '  itemprop=\"headline\"  >Bien-\u00eatre de vos porcs<\/h4><\/header><div class='iconlist_content  '  itemprop=\"text\"  ><p>Un \u00e9levage bien \u00e9clair\u00e9, ce sont des porcs au d\u00e9veloppement plus harmonieux, au comportement r\u00e9gul\u00e9 et au stress r\u00e9duit. La lumi\u00e8re participe \u00e0 l&rsquo;am\u00e9lioration de la vision, la diminution des comportements ind\u00e9sirables, l&rsquo;augmentation de la prise alimentaire.<\/p>\n<\/div><\/div><footer class=\"entry-footer\"><\/footer><\/article><div class='iconlist-timeline'><\/div><\/li>\n<li><div  class='iconlist_icon  avia-font-entypo-fontello'><span class='iconlist-char ' aria-hidden='true' data-av_icon='\ue82b' data-av_iconfont='entypo-fontello'><\/span><\/div><article class=\"article-icon-entry \"  itemscope=\"itemscope\" itemtype=\"https:\/\/schema.org\/CreativeWork\" ><div class='iconlist_content_wrap'><header class=\"entry-content-header\"><h4 class='av_iconlist_title iconlist_title   '  itemprop=\"headline\"  >Confort pour tous<\/h4><\/header><div class='iconlist_content  '  itemprop=\"text\"  ><p>Vos animaux ne sont pas les seuls \u00e0 se sentir mieux: une installation bien \u00e9clair\u00e9e apporte aussi plus de conforts aux exploitants. Garantir un \u00e9clairement suffisant en lumi\u00e8re naturelle permet de r\u00e9guler le rythme circadien et de diminuer la fatigue li\u00e9e au travail en int\u00e9rieur.<\/p>\n<\/div><\/div><footer class=\"entry-footer\"><\/footer><\/article><div class='iconlist-timeline'><\/div><\/li>\n<li><div  class='iconlist_icon  avia-font-entypo-fontello'><span class='iconlist-char ' aria-hidden='true' data-av_icon='\ue8b8' data-av_iconfont='entypo-fontello'><\/span><\/div><article class=\"article-icon-entry \"  itemscope=\"itemscope\" itemtype=\"https:\/\/schema.org\/CreativeWork\" ><div class='iconlist_content_wrap'><header class=\"entry-content-header\"><h4 class='av_iconlist_title iconlist_title   '  itemprop=\"headline\"  >Ecologique et \u00e9conomique<\/h4><\/header><div class='iconlist_content  '  itemprop=\"text\"  ><p>La LED consomme jusqu&rsquo;\u00e0 quatre fois moins d&rsquo;\u00e9nergie que les \u00e9clairages classiques, sans perte d&rsquo;efficacit\u00e9 dans le temps. C&rsquo;est tout les mois des \u00e9conomies sur les factures d&rsquo;\u00e9lectricit\u00e9, une baisse de vos co\u00fbts de maintenance, et une r\u00e9duction de l&rsquo;impact \u00e9cologique de votre \u00e9levage.<\/p>\n<\/div><\/div><footer class=\"entry-footer\"><\/footer><\/article><div class='iconlist-timeline'><\/div><\/li>\n<li><div  class='iconlist_icon  avia-font-entypo-fontello'><span class='iconlist-char ' aria-hidden='true' data-av_icon='\ue866' data-av_iconfont='entypo-fontello'><\/span><\/div><article class=\"article-icon-entry \"  itemscope=\"itemscope\" itemtype=\"https:\/\/schema.org\/CreativeWork\" ><div class='iconlist_content_wrap'><header class=\"entry-content-header\"><h4 class='av_iconlist_title iconlist_title   '  itemprop=\"headline\"  >Lumi\u00e8re naturelle exclusive<\/h4><\/header><div class='iconlist_content  '  itemprop=\"text\"  ><p>Gr\u00e2ce \u00e0 son spectre sp\u00e9cialement \u00e9tudi\u00e9, la LED Agrotek apporte une lumi\u00e8re au rendu naturel qui reproduit les couleurs de la lumi\u00e8re du jour &#8212; celle \u00e0 laquelle nos yeux et ceux des porcs sont adapt\u00e9s. Contrairement aux n\u00e9ons et lampes \u00e0 vapeurs (sodium, mercure) qui ont de graves carences spectrales, la LED Agrotek est \u00e0 spectre complet. Aucune fr\u00e9quence lumineuse ne manque, pour une lumi\u00e8re des plus naturelles.<\/p>\n<\/div><\/div><footer class=\"entry-footer\"><\/footer><\/article><div class='iconlist-timeline'><\/div><\/li>\n<\/ul><\/div><\/p><\/div>\n\n<\/div><\/div><\/div><!-- close content main div --><\/div><\/div><div id='av-layout-grid-1'  class='av-layout-grid-container entry-content-wrapper main_color av-flex-cells     avia-builder-el-12  el_after_av_section  el_before_av_slideshow_full  submenu-not-first container_wrap sidebar_right' style=' '  >\n<div class=\"flex_cell no_margin av_one_full  avia-builder-el-13  avia-builder-el-no-sibling   avia-full-stretch \"  style='background:url(https:\/\/www.agrotek-led.eu\/fr\/wp-content\/uploads\/2021\/05\/cochon2-300x232.jpg) center center no-repeat scroll #67a800; vertical-align:top; padding:800 0 800 0 ; background-color:#67a800; ' ><div class='flex_cell_inner' ><div  style='padding-bottom:10px; margin-top: 70px; margin-bottom: 70px;color:#ffffff;' class='av-special-heading av-special-heading-h2 custom-color-heading blockquote modern-quote modern-centered  avia-builder-el-14  avia-builder-el-no-sibling  '><h2 class='av-special-heading-tag '  itemprop=\"headline\"  >Une gamme de LED adapt\u00e9e \u00e0 tous vos besoins<\/h2><div class='special-heading-border'><div class='special-heading-inner-border' style='border-color:#ffffff'><\/div><\/div><\/div>\n<\/div><\/div><\/div><div id='full_slider_1'  class='avia-fullwidth-slider main_color avia-shadow   avia-builder-el-15  el_after_av_layout_row  el_before_av_section   slider-not-first container_wrap sidebar_right' style=' '  ><div   data-size='no scaling'  data-lightbox_size='large'  data-animation='slide'  data-conditional_play=''  data-ids='298,299,318,287'  data-video_counter='0'  data-autoplay='false'  data-bg_slider='false'  data-slide_height=''  data-handle='av_slideshow_full'  data-interval='5'  data-class=' image_no_stretch'  data-el_id=''  data-css_id=''  data-scroll_down=''  data-control_layout='av-control-default'  data-custom_markup=''  data-perma_caption=''  data-autoplay_stopper=''  data-image_attachment=''  data-min_height='0px'  data-lazy_loading='disabled'  data-src=''  data-position='top left'  data-repeat='no-repeat'  data-attach='scroll'  data-stretch='image_no_stretch'  class='avia-slideshow avia-slideshow-2  av-control-default av-default-height-applied avia-slideshow-no scaling av_slideshow_full  image_no_stretch avia-slide-slider '  itemprop=\"image\" itemscope=\"itemscope\" itemtype=\"https:\/\/schema.org\/ImageObject\" ><ul class='avia-slideshow-inner ' style='padding-bottom: 81.675392670157%;' ><li  class=' slide-1 ' ><div data-rel='slideshow-2' class='avia-slide-wrap '   ><div class = \"caption_fullwidth av-slideshow-caption caption_bottom\"><div class = \"container caption_container\"><div class = \"slideshow_caption\"><div class = \"slideshow_inner_caption\"><div class = \"slideshow_align_caption\"><h2  style='color:#383838; ' class='avia-caption-title  '  itemprop=\"name\" >LED 5W<\/h2><div class='avia-caption-content  av_inherit_color'  itemprop=\"description\"   style='color:#383838; '><p>5W de puissance et 400 lm dans un format compact standard.<br \/>\nDisponible sur culot E27 et GU10 pour s&rsquo;adapter \u00e0 toutes les installations.<br \/>\nJusqu&rsquo;\u00e0 20 000h de fonctionnement.<\/p>\n<\/div><\/div><\/div><\/div><\/div><\/div><img decoding=\"async\" class=\"wp-image-298 avia-img-lazy-loading-not-298\"  src=\"https:\/\/www.agrotek-led.eu\/fr\/wp-content\/uploads\/2021\/05\/5W-E27-GU10.jpeg\" width=\"955\" height=\"780\" title='5W E27 GU10' alt=''  itemprop=\"thumbnailUrl\" srcset=\"https:\/\/www.agrotek-led.eu\/fr\/wp-content\/uploads\/2021\/05\/5W-E27-GU10.jpeg 955w, https:\/\/www.agrotek-led.eu\/fr\/wp-content\/uploads\/2021\/05\/5W-E27-GU10-300x245.jpeg 300w, https:\/\/www.agrotek-led.eu\/fr\/wp-content\/uploads\/2021\/05\/5W-E27-GU10-768x627.jpeg 768w, https:\/\/www.agrotek-led.eu\/fr\/wp-content\/uploads\/2021\/05\/5W-E27-GU10-705x576.jpeg 705w\" sizes=\"(max-width: 955px) 100vw, 955px\" \/><\/div><\/li><li  class=' slide-2 ' ><div data-rel='slideshow-2' class='avia-slide-wrap '   ><div class = \"caption_fullwidth av-slideshow-caption caption_bottom\"><div class = \"container caption_container\"><div class = \"slideshow_caption\"><div class = \"slideshow_inner_caption\"><div class = \"slideshow_align_caption\"><h2  style='color:#383838; ' class='avia-caption-title  '  itemprop=\"name\" >LED E27<\/h2><div class='avia-caption-content  av_inherit_color'  itemprop=\"description\"   style='color:#383838; '><p>20W de puissance, 1600 lm dans un format E27<br \/>\nJusqu&rsquo;\u00e0 25 000 heures de fonctionnement<br \/>\nNettoyage facile, r\u00e9sistante aux projections<\/p>\n<\/div><\/div><\/div><\/div><\/div><\/div><img decoding=\"async\" class=\"wp-image-299 avia-img-lazy-loading-not-299\"  src=\"https:\/\/www.agrotek-led.eu\/fr\/wp-content\/uploads\/2021\/05\/E27-Aviculture.jpg\" width=\"955\" height=\"780\" title='E27 Aviculture' alt=''  itemprop=\"thumbnailUrl\" srcset=\"https:\/\/www.agrotek-led.eu\/fr\/wp-content\/uploads\/2021\/05\/E27-Aviculture.jpg 955w, https:\/\/www.agrotek-led.eu\/fr\/wp-content\/uploads\/2021\/05\/E27-Aviculture-300x245.jpg 300w, https:\/\/www.agrotek-led.eu\/fr\/wp-content\/uploads\/2021\/05\/E27-Aviculture-768x627.jpg 768w, https:\/\/www.agrotek-led.eu\/fr\/wp-content\/uploads\/2021\/05\/E27-Aviculture-705x576.jpg 705w\" sizes=\"(max-width: 955px) 100vw, 955px\" \/><\/div><\/li><li  class=' slide-3 ' ><div data-rel='slideshow-2' class='avia-slide-wrap '   ><div class = \"caption_fullwidth av-slideshow-caption caption_bottom\"><div class = \"container caption_container\"><div class = \"slideshow_caption\"><div class = \"slideshow_inner_caption\"><div class = \"slideshow_align_caption\"><h2  style='color:#383838; ' class='avia-caption-title  '  itemprop=\"name\" >Tube LED<\/h2><div class='avia-caption-content  av_inherit_color'  itemprop=\"description\"   style='color:#383838; '><p>Con\u00e7u pour remplacer les tubes \u00ab\u00a0n\u00e9on\u00a0\u00bb.<br \/>\nDoublez votre flux lumineux \u00e0 consommation \u00e9gale tout en apportant enfin \u00e0 votre \u00e9levage un spectre solaire reposant.<\/p>\n<\/div><\/div><\/div><\/div><\/div><\/div><img decoding=\"async\" class=\"wp-image-318 avia-img-lazy-loading-not-318\"  src=\"https:\/\/www.agrotek-led.eu\/fr\/wp-content\/uploads\/2021\/05\/t5.jpg\" width=\"800\" height=\"800\" title='t5' alt=''  itemprop=\"thumbnailUrl\" srcset=\"https:\/\/www.agrotek-led.eu\/fr\/wp-content\/uploads\/2021\/05\/t5.jpg 800w, https:\/\/www.agrotek-led.eu\/fr\/wp-content\/uploads\/2021\/05\/t5-300x300.jpg 300w, https:\/\/www.agrotek-led.eu\/fr\/wp-content\/uploads\/2021\/05\/t5-80x80.jpg 80w, https:\/\/www.agrotek-led.eu\/fr\/wp-content\/uploads\/2021\/05\/t5-768x768.jpg 768w, https:\/\/www.agrotek-led.eu\/fr\/wp-content\/uploads\/2021\/05\/t5-36x36.jpg 36w, https:\/\/www.agrotek-led.eu\/fr\/wp-content\/uploads\/2021\/05\/t5-180x180.jpg 180w, https:\/\/www.agrotek-led.eu\/fr\/wp-content\/uploads\/2021\/05\/t5-705x705.jpg 705w\" sizes=\"(max-width: 800px) 100vw, 800px\" \/><\/div><\/li><li  class=' slide-4 ' ><div data-rel='slideshow-2' class='avia-slide-wrap '   ><div class = \"caption_fullwidth av-slideshow-caption caption_bottom\"><div class = \"container caption_container\"><div class = \"slideshow_caption\"><div class = \"slideshow_inner_caption\"><div class = \"slideshow_align_caption\"><h2  style='color:#383838; ' class='avia-caption-title  '  itemprop=\"name\" >LED suspendue<\/h2><div class='avia-caption-content  av_inherit_color'  itemprop=\"description\"   style='color:#383838; '><p>100W &#8211; 1200 lm dans chaque luminaire<br \/>\nJusqu&rsquo;\u00e0 40 000 h d&rsquo;\u00e9clairement avant remplacement<br \/>\nVitre r\u00e9sistante, sans ballast, alimentation int\u00e9gr\u00e9e<\/p>\n<\/div><\/div><\/div><\/div><\/div><\/div><img decoding=\"async\" class=\"wp-image-287 avia-img-lazy-loading-not-287\"  src=\"https:\/\/www.agrotek-led.eu\/fr\/wp-content\/uploads\/2021\/05\/WhitePad-Spot-100W.jpg\" width=\"955\" height=\"780\" title='WhitePad Spot 100W' alt=''  itemprop=\"thumbnailUrl\" srcset=\"https:\/\/www.agrotek-led.eu\/fr\/wp-content\/uploads\/2021\/05\/WhitePad-Spot-100W.jpg 955w, https:\/\/www.agrotek-led.eu\/fr\/wp-content\/uploads\/2021\/05\/WhitePad-Spot-100W-300x245.jpg 300w, https:\/\/www.agrotek-led.eu\/fr\/wp-content\/uploads\/2021\/05\/WhitePad-Spot-100W-768x627.jpg 768w, https:\/\/www.agrotek-led.eu\/fr\/wp-content\/uploads\/2021\/05\/WhitePad-Spot-100W-705x576.jpg 705w\" sizes=\"(max-width: 955px) 100vw, 955px\" \/><\/div><\/li><\/ul><div class='avia-slideshow-arrows avia-slideshow-controls'><a href='#prev' class='prev-slide' aria-hidden='true' data-av_icon='\ue87c' data-av_iconfont='entypo-fontello' aria-hidden=\"true\" tabindex=\"-1\">Pr\u00e9c\u00e9dent<\/a><a href='#next' class='next-slide' aria-hidden='true' data-av_icon='\ue87d' data-av_iconfont='entypo-fontello' aria-hidden=\"true\" tabindex=\"-1\">Suivant<\/a><\/div><div class='avia-slideshow-dots avia-slideshow-controls'><a href='#1' class='goto-slide active' >1<\/a><a href='#2' class='goto-slide ' >2<\/a><a href='#3' class='goto-slide ' >3<\/a><a href='#4' class='goto-slide ' >4<\/a><\/div><\/div><\/div><\/p>\n<div id='contact'  class='avia-section main_color avia-section-huge avia-no-border-styling  avia-bg-style-parallax  avia-builder-el-16  el_after_av_slideshow_full  el_before_av_layout_row   av-minimum-height av-minimum-height-75  container_wrap sidebar_right' style='background-color: #eeeeee;  '   data-av_minimum_height_pc='75'><div class='container' ><div class='template-page content  av-content-small alpha units'><div class='post-entry post-entry-type-page post-entry-316'><div class='entry-content-wrapper clearfix'>\n<div   class='hr hr-short hr-center   avia-builder-el-17  el_before_av_one_fifth  avia-builder-el-first '><span class='hr-inner ' ><span class='hr-inner-style'><\/span><\/span><\/div>\n<div class=\"flex_column av_one_fifth  flex_column_div first  avia-builder-el-18  el_after_av_hr  el_before_av_three_fifth  \" ><\/div><div class=\"flex_column av_three_fifth  flex_column_div av-zero-column-padding   avia-builder-el-19  el_after_av_one_fifth  el_before_av_one_fifth  \" style='border-radius:0px; '><p><div  style='padding-bottom:10px; font-size:30px;' class='av-special-heading av-special-heading-h3  blockquote modern-quote modern-centered  avia-builder-el-20  el_before_av_hr  avia-builder-el-first  av-inherit-size '><h3 class='av-special-heading-tag '  itemprop=\"headline\"  >Des questions? Une demande de devis? Contactez-nous et nous vous r\u00e9pondrons sous 48h.<\/h3><div class='special-heading-border'><div class='special-heading-inner-border' ><\/div><\/div><\/div><br \/>\n<div  style=' margin-top:40px; margin-bottom:40px;'  class='hr hr-custom hr-center hr-icon-no   avia-builder-el-21  el_after_av_heading  el_before_av_contact '><span class='hr-inner  inner-border-av-border-fat' style=' width:50px; border-color:#ffffff;' ><span class='hr-inner-style'><\/span><\/span><\/div><br \/>\n<form action=\"https:\/\/www.agrotek-led.eu\/fr\/eclairage-elevage-porcin-led\/\" method=\"post\"  class=\"avia_ajax_form av-form-labels-hidden   avia-builder-el-22  el_after_av_hr  avia-builder-el-last  av-custom-form-color av-dark-form \" data-avia-form-id=\"1\" data-avia-redirect='' ><fieldset><p class='  first_form  form_element form_element_half' id='element_avia_1_1'><label for=\"avia_1_1\">Nom <abbr class=\"required\" title=\"requis(e)\">*<\/abbr><\/label> <input name=\"avia_1_1\" class=\"text_input is_empty\" type=\"text\" id=\"avia_1_1\" value=\"\"  placeholder='Nom*'\/><\/p><p class='  form_element form_element_half' id='element_avia_2_1'><label for=\"avia_2_1\">E-Mail <abbr class=\"required\" title=\"requis(e)\">*<\/abbr><\/label> <input name=\"avia_2_1\" class=\"text_input is_email\" type=\"text\" id=\"avia_2_1\" value=\"\"  placeholder='E-Mail*'\/><\/p><p class='  first_form  form_element form_fullwidth av-last-visible-form-element' id='element_avia_3_1'><label for=\"avia_3_1\" class=\"textare_label hidden textare_label_avia_3_1\">Message <abbr class=\"required\" title=\"requis(e)\">*<\/abbr><\/label><textarea  placeholder='Message*' name=\"avia_3_1\" class=\"text_area is_empty\" cols=\"40\" rows=\"7\" id=\"avia_3_1\" ><\/textarea><\/p><p class=\"hidden\"><input type=\"text\" name=\"avia_4_1\" class=\"hidden \" id=\"avia_4_1\" value=\"\" \/><\/p><p class=\"form_element \"><input type=\"hidden\" value=\"1\" name=\"avia_generated_form1\" \/><input type=\"submit\" value=\"Envoyer\" class=\"button\"  data-sending-label=\"Envoi\"\/><\/p><\/fieldset><\/form><div id=\"ajaxresponse_1\" class=\"ajaxresponse ajaxresponse_1 hidden\"><\/div><\/p><\/div><div class=\"flex_column av_one_fifth  flex_column_div av-zero-column-padding   avia-builder-el-23  el_after_av_three_fifth  avia-builder-el-last  \" style='border-radius:0px; '><\/div>\n\n<\/div><\/div><\/div><!-- close content main div --><\/div><\/div><div id='av-layout-grid-2'  class='av-layout-grid-container entry-content-wrapper main_color av-flex-cells     avia-builder-el-24  el_after_av_section  avia-builder-el-last  submenu-not-first container_wrap sidebar_right' style=' '  >\n<div class=\"flex_cell no_margin av_one_half  avia-builder-el-25  el_before_av_cell_one_half  avia-builder-el-first   \" ><div class='flex_cell_inner' ><\/div><\/div> <div class=\"flex_cell no_margin av_one_half  avia-builder-el-26  el_after_av_cell_one_half  avia-builder-el-last   \" ><div class='flex_cell_inner' ><\/div><\/div>\n<\/div>\n","protected":false},"excerpt":{"rendered":"","protected":false},"author":1,"featured_media":0,"parent":0,"menu_order":0,"comment_status":"open","ping_status":"open","template":"","meta":[],"_links":{"self":[{"href":"https:\/\/www.agrotek-led.eu\/fr\/wp-json\/wp\/v2\/pages\/316"}],"collection":[{"href":"https:\/\/www.agrotek-led.eu\/fr\/wp-json\/wp\/v2\/pages"}],"about":[{"href":"https:\/\/www.agrotek-led.eu\/fr\/wp-json\/wp\/v2\/types\/page"}],"author":[{"embeddable":true,"href":"https:\/\/www.agrotek-led.eu\/fr\/wp-json\/wp\/v2\/users\/1"}],"replies":[{"embeddable":true,"href":"https:\/\/www.agrotek-led.eu\/fr\/wp-json\/wp\/v2\/comments?post=316"}],"version-history":[{"count":3,"href":"https:\/\/www.agrotek-led.eu\/fr\/wp-json\/wp\/v2\/pages\/316\/revisions"}],"predecessor-version":[{"id":357,"href":"https:\/\/www.agrotek-led.eu\/fr\/wp-json\/wp\/v2\/pages\/316\/revisions\/357"}],"wp:attachment":[{"href":"https:\/\/www.agrotek-led.eu\/fr\/wp-json\/wp\/v2\/media?parent=316"}],"curies":[{"name":"wp","href":"https:\/\/api.w.org\/{rel}","templated":true}]}}