{"id":78,"date":"2016-07-25T07:10:55","date_gmt":"2016-07-25T07:10:55","guid":{"rendered":"http:\/\/agropad.eu\/?page_id=78"},"modified":"2023-10-17T12:28:56","modified_gmt":"2023-10-17T12:28:56","slug":"eclairage-led-laboratoires","status":"publish","type":"page","link":"https:\/\/www.agrotek-led.eu\/fr\/eclairage-led-laboratoires\/","title":{"rendered":"Eclairage LED pour Laboratoires et Unit\u00e9s de Recherche"},"content":{"rendered":"<div id='fullscreen_slider_1'  class='avia-fullscreen-slider main_color   avia-builder-el-0  el_before_av_section  avia-builder-el-first   container_wrap sidebar_right' style=' '  ><a href='#next-section' title='' class='scroll-down-link av-control-hidden' aria-hidden='true' data-av_icon='\ue877' data-av_iconfont='entypo-fontello'><\/a><div   data-size='extra_large'  data-lightbox_size='large'  data-animation='fade'  data-conditional_play=''  data-ids='91'  data-video_counter='0'  data-autoplay='true'  data-bg_slider='true'  data-slide_height='100'  data-handle='av_fullscreen'  data-interval='2'  data-class=' '  data-el_id=''  data-css_id='fullscreen_slider_1'  data-scroll_down='aviaTBscroll_down'  data-control_layout='av-control-hidden'  data-custom_markup=''  data-perma_caption=''  data-autoplay_stopper='1'  data-image_attachment=''  data-min_height='0px'  data-lazy_loading='disabled'  data-stretch=''  data-default-height='100'  class='avia-slideshow avia-slideshow-1 av-slider-scroll-down-active av-control-hidden av-default-height-applied avia-slideshow-extra_large av_fullscreen   avia-fade-slider '  itemprop=\"image\" itemscope=\"itemscope\" itemtype=\"https:\/\/schema.org\/ImageObject\" ><ul class='avia-slideshow-inner ' style='padding-bottom: 54.315122723674%;' ><li style='background-position:center center;' data-img-url='https:\/\/www.agrotek-led.eu\/fr\/wp-content\/uploads\/2016\/07\/slide.jpg' class=' av-single-slide slide-1 ' ><div data-rel='slideshow-1' class='avia-slide-wrap '   ><div class = \"caption_fullwidth av-slideshow-caption caption_center caption_center_framed caption_framed\"><div class = \"container caption_container\"><div class = \"slideshow_caption\"><div class = \"slideshow_inner_caption\"><div class = \"slideshow_align_caption\"><h2  style='font-size:30px; color:#ffffff; ' class='avia-caption-title  '  itemprop=\"name\" >Eclairages sur-mesure pour Laboratoires et Unit\u00e9s de Recherche<\/h2><div class='avia-caption-content  av_inherit_color'  itemprop=\"description\"   style='font-size:19px; color:#ffffff; '><p>Simplifiez vos cultures avec les LED horticoles Agrotek<\/p>\n<\/div><a href='#about'  class='avia-slideshow-button avia-button avia-color-light ' data-duration='800' data-easing='easeInOutQuad'>D\u00e9couvrir<\/a><\/div><\/div><\/div><\/div><\/div><\/div><\/li><\/ul><\/div><\/div>\n<div id='services'  class='avia-section main_color avia-section-huge avia-no-border-styling  avia-bg-style-scroll  avia-builder-el-1  el_after_av_fullscreen  el_before_av_slideshow_full   container_wrap sidebar_right' style=' '  ><div class='container' ><div class='template-page content  av-content-small alpha units'><div class='post-entry post-entry-type-page post-entry-78'><div class='entry-content-wrapper clearfix'>\n<div class=\"flex_column av_one_fifth  flex_column_div first  avia-builder-el-2  el_before_av_three_fifth  avia-builder-el-first  \" ><\/div><div class=\"flex_column av_three_fifth  flex_column_div av-zero-column-padding   avia-builder-el-3  el_after_av_one_fifth  el_before_av_one_fifth  \" style='border-radius:0px; '><div  style='padding-bottom:10px; font-size:30px;' class='av-special-heading av-special-heading-h1  blockquote modern-quote modern-centered  avia-builder-el-4  avia-builder-el-no-sibling  av-inherit-size '><h1 class='av-special-heading-tag '  itemprop=\"headline\"  >Pour vos \u00e9clairages de cultures de plantes, \u00e9clairage de bior\u00e9acteurs d\u2019algues et bact\u00e9ries, appuyez-vous sur l\u2018excellence de la LED.<\/h1><div class='special-heading-border'><div class='special-heading-inner-border' ><\/div><\/div><\/div><\/div><div class=\"flex_column av_one_fifth  flex_column_div av-zero-column-padding   avia-builder-el-5  el_after_av_three_fifth  el_before_av_hr  \" style='border-radius:0px; '><\/div><div  style=' margin-top:40px; margin-bottom:40px;'  class='hr hr-custom hr-center hr-icon-no   avia-builder-el-6  el_after_av_one_fifth  el_before_av_one_third '><span class='hr-inner  inner-border-av-border-fat' style=' width:50px; border-color:#4ecac2;' ><span class='hr-inner-style'><\/span><\/span><\/div>\n<div class=\"flex_column av_one_third  flex_column_div av-zero-column-padding first  avia-builder-el-7  el_after_av_hr  el_before_av_one_third  \" style='border-radius:0px; '><article  class=\"iconbox iconbox_left_content    avia-builder-el-8  avia-builder-el-no-sibling  \"  itemscope=\"itemscope\" itemtype=\"https:\/\/schema.org\/CreativeWork\" ><div class=\"iconbox_icon heading-color\" aria-hidden='true' data-av_icon='\ue866' data-av_iconfont='entypo-fontello'  ><\/div><div class=\"iconbox_content\"><header class=\"entry-content-header\"><h3 class='iconbox_content_title  '  itemprop=\"headline\"  >Fiabilit\u00e9<\/h3><\/header><div class='iconbox_content_container  '  itemprop=\"text\"  ><p>Les LED horticoles conservent le m\u00eame spectre lumineux durant toute leur vie. L&rsquo;\u00e9clairage de vos cultures est stable au cours du temps: le gage de r\u00e9sultats reproductibles.<\/p>\n<\/div><\/div><footer class=\"entry-footer\"><\/footer><\/article><\/div><div class=\"flex_column av_one_third  flex_column_div av-zero-column-padding   avia-builder-el-9  el_after_av_one_third  el_before_av_one_third  \" style='border-radius:0px; '><article  class=\"iconbox iconbox_left_content    avia-builder-el-10  avia-builder-el-no-sibling  \"  itemscope=\"itemscope\" itemtype=\"https:\/\/schema.org\/CreativeWork\" ><div class=\"iconbox_icon heading-color\" aria-hidden='true' data-av_icon='\ue8c7' data-av_iconfont='entypo-fontello'  ><\/div><div class=\"iconbox_content\"><header class=\"entry-content-header\"><h3 class='iconbox_content_title  '  itemprop=\"headline\"  >Consommation Optimis\u00e9e<\/h3><\/header><div class='iconbox_content_container  '  itemprop=\"text\"  ><p>La LED horticole consomme bien moins que les lampes classiques\u00a0\u00e0 puissance identique. Vous ma\u00eetrisez ainsi la consommation de vos cultures et l&rsquo;\u00e9chauffement des enceintes.<\/p>\n<\/div><\/div><footer class=\"entry-footer\"><\/footer><\/article><\/div><div class=\"flex_column av_one_third  flex_column_div av-zero-column-padding   avia-builder-el-11  el_after_av_one_third  avia-builder-el-last  \" style='border-radius:0px; '><article  class=\"iconbox iconbox_left_content    avia-builder-el-12  avia-builder-el-no-sibling  \"  itemscope=\"itemscope\" itemtype=\"https:\/\/schema.org\/CreativeWork\" ><div class=\"iconbox_icon heading-color\" aria-hidden='true' data-av_icon='\ue812' data-av_iconfont='entypo-fontello'  ><\/div><div class=\"iconbox_content\"><header class=\"entry-content-header\"><h3 class='iconbox_content_title  '  itemprop=\"headline\"  >Spectre id\u00e9al<\/h3><\/header><div class='iconbox_content_container  '  itemprop=\"text\"  ><p>Eclairer les\u00a0esp\u00e8ces cultiv\u00e9es avec leur lumi\u00e8re id\u00e9ale? C&rsquo;est possible avec la LED.\u00a0Gr\u00e2ce aux spectres sur-mesure,\u00a0de nouveaux modes d&rsquo;\u00e9clairage sont possibles.<\/p>\n<\/div><\/div><footer class=\"entry-footer\"><\/footer><\/article><\/div><\/div><\/div><\/div><!-- close content main div --><\/div><\/div><div id='full_slider_1'  class='avia-fullwidth-slider main_color avia-shadow   avia-builder-el-13  el_after_av_section  el_before_av_section   slider-not-first container_wrap sidebar_right' style=' '  ><div   data-size='featured'  data-lightbox_size='large'  data-animation='fade'  data-conditional_play=''  data-ids='100'  data-video_counter='0'  data-autoplay='false'  data-bg_slider='false'  data-slide_height=''  data-handle='av_slideshow_full'  data-interval='5'  data-class=' '  data-el_id=''  data-css_id=''  data-scroll_down=''  data-control_layout='av-control-hidden'  data-custom_markup=''  data-perma_caption='aviaTBperma_caption'  data-autoplay_stopper=''  data-image_attachment=''  data-min_height='0px'  data-lazy_loading='disabled'  data-src=''  data-position='top left'  data-repeat='no-repeat'  data-attach='scroll'  data-stretch=''  data-default-height='28.666666666667'  class='avia-slideshow avia-slideshow-2  av-control-hidden av-default-height-applied avia-slideshow-featured av_slideshow_full   avia-fade-slider '  itemprop=\"image\" itemscope=\"itemscope\" itemtype=\"https:\/\/schema.org\/ImageObject\" ><ul class='avia-slideshow-inner ' style='padding-bottom: 37.005163511188%;' ><li  class=' av-single-slide slide-1 ' ><div data-rel='slideshow-2' class='avia-slide-wrap '   ><img decoding=\"async\" class=\"wp-image-100 avia-img-lazy-loading-not-100\"  src=\"https:\/\/www.agrotek-led.eu\/fr\/wp-content\/uploads\/2016\/07\/labo_small-1162x430.jpg\" width=\"1162\" height=\"430\" title='Philips City Farm' alt=''  itemprop=\"thumbnailUrl\"   \/><\/div><\/li><\/ul><\/div><\/div><\/p>\n<div id='contact'  class='avia-section main_color avia-section-huge avia-no-border-styling  avia-bg-style-parallax  avia-builder-el-14  el_after_av_slideshow_full  el_before_av_section   container_wrap sidebar_right' style=' '  ><div class='container' ><div class='template-page content  av-content-small alpha units'><div class='post-entry post-entry-type-page post-entry-78'><div class='entry-content-wrapper clearfix'>\n<div class=\"flex_column av_one_fifth  flex_column_div first  avia-builder-el-15  el_before_av_three_fifth  avia-builder-el-first  \" ><\/div><div class=\"flex_column av_three_fifth  flex_column_div av-zero-column-padding   avia-builder-el-16  el_after_av_one_fifth  el_before_av_one_fifth  \" style='border-radius:0px; '><p><div  style='padding-bottom:10px; font-size:30px;' class='av-special-heading av-special-heading-h4  blockquote modern-quote  avia-builder-el-17  el_before_av_textblock  avia-builder-el-first  av-inherit-size '><h4 class='av-special-heading-tag '  itemprop=\"headline\"  >Notre accompagnement<\/h4><div class='special-heading-border'><div class='special-heading-inner-border' ><\/div><\/div><\/div><br \/>\n<section class=\"av_textblock_section \"  itemscope=\"itemscope\" itemtype=\"https:\/\/schema.org\/CreativeWork\" ><div class='avia_textblock  '   itemprop=\"text\" ><p>Nos sp\u00e9cialistes vous accompagnent durant\u00a0toutes les \u00e9tapes de votre projet.<\/p>\n<p>De l&rsquo;\u00e9tude pr\u00e9alable \u00e0 l&rsquo;installation, en passant par le choix du luminaire le plus adapt\u00e9 ou la r\u00e9alisation d&rsquo;un \u00e9clairage sur-mesure, nous sommes l\u00e0 pour vous aider.<\/p>\n<p>Notre exp\u00e9rience de l&rsquo;\u00e9clairage de laboratoire est\u00a0garante de votre s\u00e9r\u00e9nit\u00e9. Que vous soyez \u00e0 la recherche d&rsquo;un \u00e9clairage pour des \u00e9levages, des pousses de plantes ou des bior\u00e9acteurs, les LED Agrotek sont une solution \u00e9cologique, \u00e9conomique et fiable pour apporter de la puissance lumineuse \u00e0 vos projets.<\/p>\n<\/div><\/section><br \/>\n<div  style=' margin-top:40px; margin-bottom:40px;'  class='hr hr-custom hr-center hr-icon-no   avia-builder-el-19  el_after_av_textblock  avia-builder-el-last '><span class='hr-inner  inner-border-av-border-fat' style=' width:50px; border-color:#ffffff;' ><span class='hr-inner-style'><\/span><\/span><\/div><\/p><\/div><div class=\"flex_column av_one_fifth  flex_column_div av-zero-column-padding   avia-builder-el-20  el_after_av_three_fifth  avia-builder-el-last  \" style='border-radius:0px; '><\/div>\n\n<\/div><\/div><\/div><!-- close content main div --><\/div><\/div><div id='av_section_3'  class='avia-section main_color avia-section-default avia-no-shadow  avia-bg-style-scroll  avia-builder-el-21  el_after_av_section  el_before_av_section   container_wrap sidebar_right' style=' '  ><div class='container' ><div class='template-page content  av-content-small alpha units'><div class='post-entry post-entry-type-page post-entry-78'><div class='entry-content-wrapper clearfix'>\n<div  style=' margin-top:40px; margin-bottom:40px;'  class='hr hr-custom hr-center hr-icon-no   avia-builder-el-22  el_before_av_one_third  avia-builder-el-first '><span class='hr-inner  inner-border-av-border-fat' style=' width:30%; border-color:#4ecac2;' ><span class='hr-inner-style'><\/span><\/span><\/div>\n<div class=\"flex_column av_one_third  flex_column_div av-zero-column-padding first  avia-builder-el-23  el_after_av_hr  el_before_av_one_third  \" style='border-radius:0px; '><p><div  class='avia-image-container  av-styling-    avia-builder-el-24  el_before_av_heading  avia-builder-el-first  avia-align-center '  itemprop=\"image\" itemscope=\"itemscope\" itemtype=\"https:\/\/schema.org\/ImageObject\"  ><div class='avia-image-container-inner'><div class='avia-image-overlay-wrap'><img decoding=\"async\" class='wp-image-112 avia-img-lazy-loading-not-112 avia_image' src=\"https:\/\/www.agrotek-led.eu\/fr\/wp-content\/uploads\/2016\/07\/led_detoured_300p-300x251.png\" alt='' title='led_detoured_300p' height=\"251\" width=\"300\"  itemprop=\"thumbnailUrl\" srcset=\"https:\/\/www.agrotek-led.eu\/fr\/wp-content\/uploads\/2016\/07\/led_detoured_300p-300x251.png 300w, https:\/\/www.agrotek-led.eu\/fr\/wp-content\/uploads\/2016\/07\/led_detoured_300p.png 359w\" sizes=\"(max-width: 300px) 100vw, 300px\" \/><\/div><\/div><\/div><br \/>\n<div  style='padding-bottom:10px; ' class='av-special-heading av-special-heading-h2  blockquote modern-quote modern-centered  avia-builder-el-25  el_after_av_image  el_before_av_textblock  '><h2 class='av-special-heading-tag '  itemprop=\"headline\"  >Barres LED \u00e9tanches<\/h2><div class='special-heading-border'><div class='special-heading-inner-border' ><\/div><\/div><\/div><br \/>\n<section class=\"av_textblock_section \"  itemscope=\"itemscope\" itemtype=\"https:\/\/schema.org\/CreativeWork\" ><div class='avia_textblock  '   itemprop=\"text\" ><p style=\"text-align: center;\">Pour vos \u00e9clairages en milieu humide, contraints en taille ou en bruit. Les \u00e9clairages LED en barres sont disponibles avec des supports en aluminium extrud\u00e9 ou PVC, \u00e0 spectre blanc solaire ou sur-mesure (haute-intensit\u00e9, UVA, UVB, etc).<\/p>\n<\/div><\/section><\/p><\/div><div class=\"flex_column av_one_third  flex_column_div av-zero-column-padding   avia-builder-el-27  el_after_av_one_third  el_before_av_one_third  \" style='border-radius:0px; '><p><div  class='avia-image-container  av-styling-    avia-builder-el-28  el_before_av_heading  avia-builder-el-first  avia-align-center '  itemprop=\"image\" itemscope=\"itemscope\" itemtype=\"https:\/\/schema.org\/ImageObject\"  ><div class='avia-image-container-inner'><div class='avia-image-overlay-wrap'><img decoding=\"async\" class='wp-image-247 avia-img-lazy-loading-not-247 avia_image' src=\"https:\/\/www.agrotek-led.eu\/fr\/wp-content\/uploads\/2021\/05\/agropad_2021-300x298.jpg\" alt='' title='agropad_2021' height=\"298\" width=\"300\"  itemprop=\"thumbnailUrl\" srcset=\"https:\/\/www.agrotek-led.eu\/fr\/wp-content\/uploads\/2021\/05\/agropad_2021-300x298.jpg 300w, https:\/\/www.agrotek-led.eu\/fr\/wp-content\/uploads\/2021\/05\/agropad_2021-1030x1024.jpg 1030w, https:\/\/www.agrotek-led.eu\/fr\/wp-content\/uploads\/2021\/05\/agropad_2021-80x80.jpg 80w, https:\/\/www.agrotek-led.eu\/fr\/wp-content\/uploads\/2021\/05\/agropad_2021-768x764.jpg 768w, https:\/\/www.agrotek-led.eu\/fr\/wp-content\/uploads\/2021\/05\/agropad_2021-1536x1528.jpg 1536w, https:\/\/www.agrotek-led.eu\/fr\/wp-content\/uploads\/2021\/05\/agropad_2021-2048x2037.jpg 2048w, https:\/\/www.agrotek-led.eu\/fr\/wp-content\/uploads\/2021\/05\/agropad_2021-36x36.jpg 36w, https:\/\/www.agrotek-led.eu\/fr\/wp-content\/uploads\/2021\/05\/agropad_2021-180x180.jpg 180w, https:\/\/www.agrotek-led.eu\/fr\/wp-content\/uploads\/2021\/05\/agropad_2021-1500x1492.jpg 1500w, https:\/\/www.agrotek-led.eu\/fr\/wp-content\/uploads\/2021\/05\/agropad_2021-705x701.jpg 705w\" sizes=\"(max-width: 300px) 100vw, 300px\" \/><\/div><\/div><\/div><br \/>\n<div  style='padding-bottom:10px; ' class='av-special-heading av-special-heading-h2  blockquote modern-quote modern-centered  avia-builder-el-29  el_after_av_image  el_before_av_textblock  '><h2 class='av-special-heading-tag '  itemprop=\"headline\"  >Panneaux LED Haute Puissance<\/h2><div class='special-heading-border'><div class='special-heading-inner-border' ><\/div><\/div><\/div><br \/>\n<section class=\"av_textblock_section \"  itemscope=\"itemscope\" itemtype=\"https:\/\/schema.org\/CreativeWork\" ><div class='avia_textblock  '   itemprop=\"text\" ><p style=\"text-align: center;\">De 215 W \u00e0 1300 W par panneau: la solution id\u00e9ale pour vos besoins en \u00e9clairage puissant.<\/p>\n<\/div><\/section><\/p><\/div><div class=\"flex_column av_one_third  flex_column_div av-zero-column-padding   avia-builder-el-31  el_after_av_one_third  avia-builder-el-last  \" style='border-radius:0px; '><p><div  class='avia-image-container  av-styling-    avia-builder-el-32  el_before_av_heading  avia-builder-el-first  avia-align-center '  itemprop=\"image\" itemscope=\"itemscope\" itemtype=\"https:\/\/schema.org\/ImageObject\"  ><div class='avia-image-container-inner'><div class='avia-image-overlay-wrap'><img decoding=\"async\" class='wp-image-328 avia-img-lazy-loading-not-328 avia_image' src=\"https:\/\/www.agrotek-led.eu\/fr\/wp-content\/uploads\/2021\/11\/qb-400px-300x272.jpg\" alt='' title='qb-400px' height=\"272\" width=\"300\"  itemprop=\"thumbnailUrl\" srcset=\"https:\/\/www.agrotek-led.eu\/fr\/wp-content\/uploads\/2021\/11\/qb-400px-300x272.jpg 300w, https:\/\/www.agrotek-led.eu\/fr\/wp-content\/uploads\/2021\/11\/qb-400px.jpg 461w\" sizes=\"(max-width: 300px) 100vw, 300px\" \/><\/div><\/div><\/div><br \/>\n<div  style='padding-bottom:10px; ' class='av-special-heading av-special-heading-h2  blockquote modern-quote modern-centered  avia-builder-el-33  el_after_av_image  el_before_av_textblock  '><h2 class='av-special-heading-tag '  itemprop=\"headline\"  >Panneaux LED sur-mesure<\/h2><div class='special-heading-border'><div class='special-heading-inner-border' ><\/div><\/div><\/div><br \/>\n<section class=\"av_textblock_section \"  itemscope=\"itemscope\" itemtype=\"https:\/\/schema.org\/CreativeWork\" ><div class='avia_textblock  '   itemprop=\"text\" ><p style=\"text-align: center;\">Eclairez vos v\u00e9g\u00e9taux, algues et bact\u00e9ries avec une lumi\u00e8re id\u00e9ale: nous r\u00e9alisons vos panneaux sur-mesure en fonction du spectre voulu; de 340 nm \u00e0 1200 nm.<\/p>\n<\/div><\/section><\/p><\/div><\/div><\/div><\/div><!-- close content main div --><\/div><\/div><div id='contact'  class='avia-section main_color avia-section-huge avia-no-border-styling  av-section-color-overlay-active avia-bg-style-parallax  avia-builder-el-35  el_after_av_section  avia-builder-el-last   av-minimum-height av-minimum-height-75  container_wrap sidebar_right' style=' '   data-av_minimum_height_pc='75'><div class='av-section-color-overlay-wrap'><div class='av-section-color-overlay' style='opacity: 0.2; background-color: #000000; background-image: url(https:\/\/www.agrotek-led.eu\/fr\/wp-content\/themes\/enfold\/images\/background-images\/dots-for-dark-background.png); background-repeat: repeat;'><\/div><div class='container' ><div class='template-page content  av-content-small alpha units'><div class='post-entry post-entry-type-page post-entry-78'><div class='entry-content-wrapper clearfix'>\n<div class=\"flex_column av_one_fifth  flex_column_div first  avia-builder-el-36  el_before_av_three_fifth  avia-builder-el-first  \" ><\/div><div class=\"flex_column av_three_fifth  flex_column_div av-zero-column-padding   avia-builder-el-37  el_after_av_one_fifth  el_before_av_one_fifth  \" style='border-radius:0px; '><p><div  style='padding-bottom:10px; font-size:30px;' class='av-special-heading av-special-heading-h3  blockquote modern-quote modern-centered  avia-builder-el-38  el_before_av_hr  avia-builder-el-first  av-inherit-size '><h3 class='av-special-heading-tag '  itemprop=\"headline\"  >Pour toute demande de renseignement, de devis pour nos lampes classiques ou sur-mesure, merci d\u2019utiliser le formulaire de contact ci-dessous:<\/h3><div class='special-heading-border'><div class='special-heading-inner-border' ><\/div><\/div><\/div><br \/>\n<div  style=' margin-top:40px; margin-bottom:40px;'  class='hr hr-custom hr-center hr-icon-no   avia-builder-el-39  el_after_av_heading  el_before_av_contact '><span class='hr-inner  inner-border-av-border-fat' style=' width:50px; border-color:#ffffff;' ><span class='hr-inner-style'><\/span><\/span><\/div><br \/>\n<form action=\"https:\/\/www.agrotek-led.eu\/fr\/eclairage-led-laboratoires\/\" method=\"post\"  class=\"avia_ajax_form av-form-labels-hidden   avia-builder-el-40  el_after_av_hr  avia-builder-el-last  av-custom-form-color av-dark-form \" data-avia-form-id=\"1\" data-avia-redirect='' ><fieldset><p class='  first_form  form_element form_element_half' id='element_avia_1_1'><label for=\"avia_1_1\">Nom <abbr class=\"required\" title=\"requis(e)\">*<\/abbr><\/label> <input name=\"avia_1_1\" class=\"text_input is_empty\" type=\"text\" id=\"avia_1_1\" value=\"\"  placeholder='Nom*'\/><\/p><p class='  form_element form_element_half' id='element_avia_2_1'><label for=\"avia_2_1\">E-Mail <abbr class=\"required\" title=\"requis(e)\">*<\/abbr><\/label> <input name=\"avia_2_1\" class=\"text_input is_email\" type=\"text\" id=\"avia_2_1\" value=\"\"  placeholder='E-Mail*'\/><\/p><p class='  first_form  form_element form_fullwidth av-last-visible-form-element' id='element_avia_3_1'><label for=\"avia_3_1\" class=\"textare_label hidden textare_label_avia_3_1\">Message <abbr class=\"required\" title=\"requis(e)\">*<\/abbr><\/label><textarea  placeholder='Message*' name=\"avia_3_1\" class=\"text_area is_empty\" cols=\"40\" rows=\"7\" id=\"avia_3_1\" ><\/textarea><\/p><p class=\"hidden\"><input type=\"text\" name=\"avia_4_1\" class=\"hidden \" id=\"avia_4_1\" value=\"\" \/><\/p><p class=\"form_element \"><input type=\"hidden\" value=\"1\" name=\"avia_generated_form1\" \/><input type=\"submit\" value=\"Envoyer\" class=\"button\"  data-sending-label=\"Envoi\"\/><\/p><\/fieldset><\/form><div id=\"ajaxresponse_1\" class=\"ajaxresponse ajaxresponse_1 hidden\"><\/div><\/p><\/div><div class=\"flex_column av_one_fifth  flex_column_div av-zero-column-padding   avia-builder-el-41  el_after_av_three_fifth  avia-builder-el-last  \" style='border-radius:0px; '><\/div>\n<\/div><\/div><\/div><!-- close content main div --><\/div><\/div><\/div><div id='after_section_4'  class='main_color av_default_container_wrap container_wrap sidebar_right' style=' '  ><div class='container' ><div class='template-page content  av-content-small alpha units'><div class='post-entry post-entry-type-page post-entry-78'><div class='entry-content-wrapper clearfix'><\/p>\n","protected":false},"excerpt":{"rendered":"","protected":false},"author":1,"featured_media":0,"parent":0,"menu_order":0,"comment_status":"closed","ping_status":"closed","template":"","meta":[],"_links":{"self":[{"href":"https:\/\/www.agrotek-led.eu\/fr\/wp-json\/wp\/v2\/pages\/78"}],"collection":[{"href":"https:\/\/www.agrotek-led.eu\/fr\/wp-json\/wp\/v2\/pages"}],"about":[{"href":"https:\/\/www.agrotek-led.eu\/fr\/wp-json\/wp\/v2\/types\/page"}],"author":[{"embeddable":true,"href":"https:\/\/www.agrotek-led.eu\/fr\/wp-json\/wp\/v2\/users\/1"}],"replies":[{"embeddable":true,"href":"https:\/\/www.agrotek-led.eu\/fr\/wp-json\/wp\/v2\/comments?post=78"}],"version-history":[{"count":36,"href":"https:\/\/www.agrotek-led.eu\/fr\/wp-json\/wp\/v2\/pages\/78\/revisions"}],"predecessor-version":[{"id":356,"href":"https:\/\/www.agrotek-led.eu\/fr\/wp-json\/wp\/v2\/pages\/78\/revisions\/356"}],"wp:attachment":[{"href":"https:\/\/www.agrotek-led.eu\/fr\/wp-json\/wp\/v2\/media?parent=78"}],"curies":[{"name":"wp","href":"https:\/\/api.w.org\/{rel}","templated":true}]}}